{"id":1219,"date":"2022-02-15T10:11:44","date_gmt":"2022-02-15T10:11:44","guid":{"rendered":"https:\/\/arctichotels.is\/boka-nuna-hotel-tindastol-annex\/"},"modified":"2025-05-01T18:55:26","modified_gmt":"2025-05-01T18:55:26","slug":"boka-nuna-hotel-tindastol-annex","status":"publish","type":"page","link":"https:\/\/arctichotels.is\/is\/boka-nuna-hotel-tindastol-annex\/","title":{"rendered":"B\u00f3ka n\u00fana &#8211; H\u00f3tel Tindast\u00f3l &#038; Annex"},"content":{"rendered":"\t\t<div data-elementor-type=\"wp-page\" data-elementor-id=\"1219\" class=\"elementor elementor-1219 elementor-47\" data-elementor-post-type=\"page\">\n\t\t\t\t\t\t<section class=\"elementor-section elementor-top-section elementor-element elementor-element-493594c0 elementor-section-full_width elementor-section-content-middle elementor-section-height-default elementor-section-height-default\" data-id=\"493594c0\" data-element_type=\"section\" data-e-type=\"section\">\n\t\t\t\t\t\t<div class=\"elementor-container elementor-column-gap-no\">\n\t\t\t\t\t<div class=\"elementor-column elementor-col-100 elementor-top-column elementor-element elementor-element-65ff84b7\" data-id=\"65ff84b7\" data-element_type=\"column\" data-e-type=\"column\">\n\t\t\t<div class=\"elementor-widget-wrap elementor-element-populated\">\n\t\t\t\t\t\t<div class=\"elementor-element elementor-element-31fc4d85 elementor-widget elementor-widget-heading\" data-id=\"31fc4d85\" data-element_type=\"widget\" data-e-type=\"widget\" data-widget_type=\"heading.default\">\n\t\t\t\t<div class=\"elementor-widget-container\">\n\t\t\t\t\t<h1 class=\"elementor-heading-title elementor-size-default\">B\u00f3ka n\u00fana<\/h1>\t\t\t\t<\/div>\n\t\t\t\t<\/div>\n\t\t\t\t<section class=\"elementor-section elementor-inner-section elementor-element elementor-element-5841b77b elementor-section-full_width elementor-section-height-default elementor-section-height-default\" data-id=\"5841b77b\" data-element_type=\"section\" data-e-type=\"section\">\n\t\t\t\t\t\t<div class=\"elementor-container elementor-column-gap-no\">\n\t\t\t\t\t<div class=\"elementor-column elementor-col-100 elementor-inner-column elementor-element elementor-element-5d396ab0\" data-id=\"5d396ab0\" data-element_type=\"column\" data-e-type=\"column\">\n\t\t\t<div class=\"elementor-widget-wrap elementor-element-populated\">\n\t\t\t\t\t\t<div class=\"elementor-element elementor-element-1d5cbb34 elementor-widget elementor-widget-heading\" data-id=\"1d5cbb34\" data-element_type=\"widget\" data-e-type=\"widget\" data-widget_type=\"heading.default\">\n\t\t\t\t<div class=\"elementor-widget-container\">\n\t\t\t\t\t<h3 class=\"elementor-heading-title elementor-size-default\">H\u00f3tel Tindast\u00f3ll &amp; Annex<\/h3>\t\t\t\t<\/div>\n\t\t\t\t<\/div>\n\t\t\t\t\t<\/div>\n\t\t<\/div>\n\t\t\t\t\t<\/div>\n\t\t<\/section>\n\t\t\t\t\t<\/div>\n\t\t<\/div>\n\t\t\t\t\t<\/div>\n\t\t<\/section>\n\t\t\t\t<section class=\"elementor-section elementor-top-section elementor-element elementor-element-164ea62 elementor-section-boxed elementor-section-height-default elementor-section-height-default\" data-id=\"164ea62\" data-element_type=\"section\" data-e-type=\"section\">\n\t\t\t\t\t\t<div class=\"elementor-container elementor-column-gap-default\">\n\t\t\t\t\t<div class=\"elementor-column elementor-col-100 elementor-top-column elementor-element elementor-element-67e313a\" data-id=\"67e313a\" data-element_type=\"column\" data-e-type=\"column\">\n\t\t\t<div class=\"elementor-widget-wrap elementor-element-populated\">\n\t\t\t\t\t\t<div class=\"elementor-element elementor-element-e9f6a02 elementor-widget elementor-widget-html\" data-id=\"e9f6a02\" data-element_type=\"widget\" data-e-type=\"widget\" data-widget_type=\"html.default\">\n\t\t\t\t<div class=\"elementor-widget-container\">\n\t\t\t\t\t<iframe src =\"https:\/\/property.godo.is\/booking2.php?propid=152731&referer=Website&invoicee=588775\" width=\"2000\" height=\"3500\" style=\"max-width:100%;border:none;overflow:auto;\"><p><a href=\"https:\/\/property.godo.is\/booking2.php?propid=152731&referer=Website&invoicee=84695\" title=\"B\u00f3ka n\u00fana\">Book Now<\/a><\/p><\/iframe>\t\t\t\t<\/div>\n\t\t\t\t<\/div>\n\t\t\t\t\t<\/div>\n\t\t<\/div>\n\t\t\t\t\t<\/div>\n\t\t<\/section>\n\t\t\t\t<\/div>\n\t\t","protected":false},"excerpt":{"rendered":"<p>B\u00f3ka n\u00fana H\u00f3tel Tindast\u00f3ll &#038; Annex Book Now<\/p>\n","protected":false},"author":1,"featured_media":0,"parent":0,"menu_order":0,"comment_status":"closed","ping_status":"closed","template":"elementor_header_footer","meta":{"footnotes":""},"class_list":["post-1219","page","type-page","status-publish","hentry"],"_links":{"self":[{"href":"https:\/\/arctichotels.is\/is\/wp-json\/wp\/v2\/pages\/1219","targetHints":{"allow":["GET"]}}],"collection":[{"href":"https:\/\/arctichotels.is\/is\/wp-json\/wp\/v2\/pages"}],"about":[{"href":"https:\/\/arctichotels.is\/is\/wp-json\/wp\/v2\/types\/page"}],"author":[{"embeddable":true,"href":"https:\/\/arctichotels.is\/is\/wp-json\/wp\/v2\/users\/1"}],"replies":[{"embeddable":true,"href":"https:\/\/arctichotels.is\/is\/wp-json\/wp\/v2\/comments?post=1219"}],"version-history":[{"count":1,"href":"https:\/\/arctichotels.is\/is\/wp-json\/wp\/v2\/pages\/1219\/revisions"}],"predecessor-version":[{"id":1220,"href":"https:\/\/arctichotels.is\/is\/wp-json\/wp\/v2\/pages\/1219\/revisions\/1220"}],"wp:attachment":[{"href":"https:\/\/arctichotels.is\/is\/wp-json\/wp\/v2\/media?parent=1219"}],"curies":[{"name":"wp","href":"https:\/\/api.w.org\/{rel}","templated":true}]}}