{"id":1198,"date":"2024-01-04T12:46:11","date_gmt":"2024-01-04T12:46:11","guid":{"rendered":"https:\/\/arctichotels.is\/boka-nuna\/"},"modified":"2025-05-01T19:49:36","modified_gmt":"2025-05-01T19:49:36","slug":"boka-nuna","status":"publish","type":"page","link":"https:\/\/arctichotels.is\/is\/boka-nuna\/","title":{"rendered":"B\u00f3ka n\u00fana"},"content":{"rendered":"\t\t<div data-elementor-type=\"wp-page\" data-elementor-id=\"1198\" class=\"elementor elementor-1198 elementor-1008\" data-elementor-post-type=\"page\">\n\t\t\t\t\t\t<section class=\"elementor-section elementor-top-section elementor-element elementor-element-634bd62 elementor-section-full_width elementor-section-content-middle elementor-section-height-default elementor-section-height-default\" data-id=\"634bd62\" data-element_type=\"section\" data-e-type=\"section\">\n\t\t\t\t\t\t<div class=\"elementor-container elementor-column-gap-no\">\n\t\t\t\t\t<div class=\"elementor-column elementor-col-100 elementor-top-column elementor-element elementor-element-1f1508d\" data-id=\"1f1508d\" data-element_type=\"column\" data-e-type=\"column\">\n\t\t\t<div class=\"elementor-widget-wrap elementor-element-populated\">\n\t\t\t\t\t\t<div class=\"elementor-element elementor-element-fa0d8b0 elementor-widget elementor-widget-heading\" data-id=\"fa0d8b0\" data-element_type=\"widget\" data-e-type=\"widget\" data-widget_type=\"heading.default\">\n\t\t\t\t<div class=\"elementor-widget-container\">\n\t\t\t\t\t<h1 class=\"elementor-heading-title elementor-size-default\">B\u00f3ka n\u00fana<\/h1>\t\t\t\t<\/div>\n\t\t\t\t<\/div>\n\t\t\t\t<section class=\"elementor-section elementor-inner-section elementor-element elementor-element-7c227d3 elementor-section-full_width elementor-section-height-default elementor-section-height-default\" data-id=\"7c227d3\" data-element_type=\"section\" data-e-type=\"section\">\n\t\t\t\t\t\t<div class=\"elementor-container elementor-column-gap-no\">\n\t\t\t\t\t<div class=\"elementor-column elementor-col-100 elementor-inner-column elementor-element elementor-element-cdf0909\" data-id=\"cdf0909\" data-element_type=\"column\" data-e-type=\"column\">\n\t\t\t<div class=\"elementor-widget-wrap elementor-element-populated\">\n\t\t\t\t\t\t<div class=\"elementor-element elementor-element-0205116 elementor-widget elementor-widget-heading\" data-id=\"0205116\" data-element_type=\"widget\" data-e-type=\"widget\" data-widget_type=\"heading.default\">\n\t\t\t\t<div class=\"elementor-widget-container\">\n\t\t\t\t\t<h3 class=\"elementor-heading-title elementor-size-default\"> Vinsamlegast veldu<\/h3>\t\t\t\t<\/div>\n\t\t\t\t<\/div>\n\t\t\t\t\t<\/div>\n\t\t<\/div>\n\t\t\t\t\t<\/div>\n\t\t<\/section>\n\t\t\t\t\t<\/div>\n\t\t<\/div>\n\t\t\t\t\t<\/div>\n\t\t<\/section>\n\t\t<div class=\"elementor-element elementor-element-4c28470 e-flex e-con-boxed e-con e-parent\" data-id=\"4c28470\" data-element_type=\"container\" data-e-type=\"container\">\n\t\t\t\t\t<div class=\"e-con-inner\">\n\t\t<a class=\"elementor-element elementor-element-b29de5f e-con-full e-flex e-con e-child\" data-id=\"b29de5f\" data-element_type=\"container\" data-e-type=\"container\" href=\"https:\/\/arctichotels.is\/is\/boka-nuna-hotel-mikligardur\/\">\n\t\t\t\t<div class=\"elementor-element elementor-element-9181011 elementor-widget elementor-widget-image\" data-id=\"9181011\" data-element_type=\"widget\" data-e-type=\"widget\" data-widget_type=\"image.default\">\n\t\t\t\t<div class=\"elementor-widget-container\">\n\t\t\t\t\t\t\t\t\t\t\t\t\t\t\t<img fetchpriority=\"high\" decoding=\"async\" width=\"800\" height=\"534\" src=\"https:\/\/arctichotels.is\/wp-content\/uploads\/2024\/01\/hotel.jpg\" class=\"attachment-large size-large wp-image-1199\" alt=\"\" srcset=\"https:\/\/arctichotels.is\/wp-content\/uploads\/2024\/01\/hotel.jpg 1024w, https:\/\/arctichotels.is\/wp-content\/uploads\/2024\/01\/hotel-300x200.jpg 300w, https:\/\/arctichotels.is\/wp-content\/uploads\/2024\/01\/hotel-768x512.jpg 768w\" sizes=\"(max-width: 800px) 100vw, 800px\" \/>\t\t\t\t\t\t\t\t\t\t\t\t\t\t\t<\/div>\n\t\t\t\t<\/div>\n\t\t\t\t<div class=\"elementor-element elementor-element-20589d1 elementor-widget elementor-widget-heading\" data-id=\"20589d1\" data-element_type=\"widget\" data-e-type=\"widget\" data-widget_type=\"heading.default\">\n\t\t\t\t<div class=\"elementor-widget-container\">\n\t\t\t\t\t<h3 class=\"elementor-heading-title elementor-size-default\">H\u00f3tel Mikligar\u00f0ur<\/h3>\t\t\t\t<\/div>\n\t\t\t\t<\/div>\n\t\t\t\t<\/a>\n\t\t<a class=\"elementor-element elementor-element-bf9f368 e-con-full e-flex e-con e-child\" data-id=\"bf9f368\" data-element_type=\"container\" data-e-type=\"container\" href=\"https:\/\/arctichotels.is\/is\/boka-nuna-hotel-tindastol-annex\/\">\n\t\t\t\t<div class=\"elementor-element elementor-element-2f34cb4 elementor-widget elementor-widget-image\" data-id=\"2f34cb4\" data-element_type=\"widget\" data-e-type=\"widget\" data-widget_type=\"image.default\">\n\t\t\t\t<div class=\"elementor-widget-container\">\n\t\t\t\t\t\t\t\t\t\t\t\t\t\t\t<img decoding=\"async\" width=\"800\" height=\"534\" src=\"https:\/\/arctichotels.is\/wp-content\/uploads\/2024\/01\/tinda.jpg\" class=\"attachment-large size-large wp-image-1201\" alt=\"\" srcset=\"https:\/\/arctichotels.is\/wp-content\/uploads\/2024\/01\/tinda.jpg 1024w, https:\/\/arctichotels.is\/wp-content\/uploads\/2024\/01\/tinda-300x200.jpg 300w, https:\/\/arctichotels.is\/wp-content\/uploads\/2024\/01\/tinda-768x512.jpg 768w\" sizes=\"(max-width: 800px) 100vw, 800px\" \/>\t\t\t\t\t\t\t\t\t\t\t\t\t\t\t<\/div>\n\t\t\t\t<\/div>\n\t\t\t\t<div class=\"elementor-element elementor-element-c525eb7 elementor-widget elementor-widget-heading\" data-id=\"c525eb7\" data-element_type=\"widget\" data-e-type=\"widget\" data-widget_type=\"heading.default\">\n\t\t\t\t<div class=\"elementor-widget-container\">\n\t\t\t\t\t<h3 class=\"elementor-heading-title elementor-size-default\">H\u00f3tel Tindast\u00f3ll &amp; Annex<\/h3>\t\t\t\t<\/div>\n\t\t\t\t<\/div>\n\t\t\t\t<\/a>\n\t\t<a class=\"elementor-element elementor-element-6a32624 e-con-full e-flex e-con e-child\" data-id=\"6a32624\" data-element_type=\"container\" data-e-type=\"container\" href=\"https:\/\/arctichotels.is\/is\/boka-nuna-550-guesthouse\/\">\n\t\t\t\t<div class=\"elementor-element elementor-element-76cd4cb elementor-widget elementor-widget-image\" data-id=\"76cd4cb\" data-element_type=\"widget\" data-e-type=\"widget\" data-widget_type=\"image.default\">\n\t\t\t\t<div class=\"elementor-widget-container\">\n\t\t\t\t\t\t\t\t\t\t\t\t\t\t\t<img decoding=\"async\" width=\"800\" height=\"534\" src=\"https:\/\/arctichotels.is\/wp-content\/uploads\/2024\/01\/550.jpg\" class=\"attachment-large size-large wp-image-1200\" alt=\"\" srcset=\"https:\/\/arctichotels.is\/wp-content\/uploads\/2024\/01\/550.jpg 1024w, https:\/\/arctichotels.is\/wp-content\/uploads\/2024\/01\/550-300x200.jpg 300w, https:\/\/arctichotels.is\/wp-content\/uploads\/2024\/01\/550-768x512.jpg 768w\" sizes=\"(max-width: 800px) 100vw, 800px\" \/>\t\t\t\t\t\t\t\t\t\t\t\t\t\t\t<\/div>\n\t\t\t\t<\/div>\n\t\t\t\t<div class=\"elementor-element elementor-element-372f078 elementor-widget elementor-widget-heading\" data-id=\"372f078\" data-element_type=\"widget\" data-e-type=\"widget\" data-widget_type=\"heading.default\">\n\t\t\t\t<div class=\"elementor-widget-container\">\n\t\t\t\t\t<h3 class=\"elementor-heading-title elementor-size-default\">550 Guesthouse<\/h3>\t\t\t\t<\/div>\n\t\t\t\t<\/div>\n\t\t\t\t<\/a>\n\t\t\t\t\t<\/div>\n\t\t\t\t<\/div>\n\t\t\t\t<\/div>\n\t\t","protected":false},"excerpt":{"rendered":"<p>B\u00f3ka n\u00fana Vinsamlegast veldu H\u00f3tel Mikligar\u00f0ur H\u00f3tel Tindast\u00f3ll &#038; Annex 550 Guesthouse<\/p>\n","protected":false},"author":1,"featured_media":0,"parent":0,"menu_order":0,"comment_status":"closed","ping_status":"closed","template":"","meta":{"footnotes":""},"class_list":["post-1198","page","type-page","status-publish","hentry"],"_links":{"self":[{"href":"https:\/\/arctichotels.is\/is\/wp-json\/wp\/v2\/pages\/1198","targetHints":{"allow":["GET"]}}],"collection":[{"href":"https:\/\/arctichotels.is\/is\/wp-json\/wp\/v2\/pages"}],"about":[{"href":"https:\/\/arctichotels.is\/is\/wp-json\/wp\/v2\/types\/page"}],"author":[{"embeddable":true,"href":"https:\/\/arctichotels.is\/is\/wp-json\/wp\/v2\/users\/1"}],"replies":[{"embeddable":true,"href":"https:\/\/arctichotels.is\/is\/wp-json\/wp\/v2\/comments?post=1198"}],"version-history":[{"count":9,"href":"https:\/\/arctichotels.is\/is\/wp-json\/wp\/v2\/pages\/1198\/revisions"}],"predecessor-version":[{"id":1240,"href":"https:\/\/arctichotels.is\/is\/wp-json\/wp\/v2\/pages\/1198\/revisions\/1240"}],"wp:attachment":[{"href":"https:\/\/arctichotels.is\/is\/wp-json\/wp\/v2\/media?parent=1198"}],"curies":[{"name":"wp","href":"https:\/\/api.w.org\/{rel}","templated":true}]}}