{"id":1059,"date":"2024-04-24T11:28:50","date_gmt":"2024-04-24T11:28:50","guid":{"rendered":"https:\/\/arctichotels.is\/restaurant\/"},"modified":"2025-11-30T18:19:28","modified_gmt":"2025-11-30T18:19:28","slug":"restaurant","status":"publish","type":"page","link":"https:\/\/arctichotels.is\/is\/restaurant\/","title":{"rendered":"Restaurant"},"content":{"rendered":"\t\t<div data-elementor-type=\"wp-page\" data-elementor-id=\"1059\" class=\"elementor elementor-1059 elementor-1050\" data-elementor-post-type=\"page\">\n\t\t\t\t\t\t<section class=\"elementor-section elementor-top-section elementor-element elementor-element-37c4c01 elementor-section-boxed elementor-section-height-default elementor-section-height-default\" data-id=\"37c4c01\" data-element_type=\"section\" data-e-type=\"section\" data-settings=\"{&quot;background_background&quot;:&quot;classic&quot;}\">\n\t\t\t\t\t\t<div class=\"elementor-container elementor-column-gap-no\">\n\t\t\t\t\t<div class=\"elementor-column elementor-col-100 elementor-top-column elementor-element elementor-element-d0b89e1\" data-id=\"d0b89e1\" data-element_type=\"column\" data-e-type=\"column\">\n\t\t\t<div class=\"elementor-widget-wrap elementor-element-populated\">\n\t\t\t\t\t\t<div class=\"elementor-element elementor-element-dc9e307 elementor-widget elementor-widget-heading\" data-id=\"dc9e307\" data-element_type=\"widget\" data-e-type=\"widget\" data-widget_type=\"heading.default\">\n\t\t\t\t<div class=\"elementor-widget-container\">\n\t\t\t\t\t<h2 class=\"elementor-heading-title elementor-size-default\">Veitingah\u00fasi\u00f0 Jarlstofa \u00e1 h\u00f3tel Tindast\u00f3l<\/h2>\t\t\t\t<\/div>\n\t\t\t\t<\/div>\n\t\t\t\t<div class=\"elementor-element elementor-element-891d270 elementor-widget elementor-widget-heading\" data-id=\"891d270\" data-element_type=\"widget\" data-e-type=\"widget\" data-widget_type=\"heading.default\">\n\t\t\t\t<div class=\"elementor-widget-container\">\n\t\t\t\t\t<h5 class=\"elementor-heading-title elementor-size-default\">\u00cd desember er opi\u00f0 \u00e1 jarlstofu restaurant \u00e1 fimmtud\u00f6gum, f\u00f6stud\u00f6gum og laugard\u00f6gum fr\u00e1 kl 18:00 - 21:00.<br>J\u00f3lamatse\u00f0ill er \u00ed bo\u00f0i \u00e1 f\u00f6stud\u00f6gum og laugard\u00f6gum, \u00e1samt a la carte.<br>H\u00e6gt er a\u00f0 panta fyrir h\u00f3pa \u00e1 \u00f6\u00f0rum d\u00f6gum me\u00f0 fyrirvara \u00ed s\u00edma 4535002 e\u00f0a senda \u00e1 netfangi\u00f0 info@arctichotels.is<br><br>in december, jarlstofa restaurant is open from thursdays, fridays and saturdays from 18:00 - 21:00.<br>christmas menu is avalible on fridays and saturdays, along with a la carte.<br>For table reservation please send an email to info@arctichotels.is or call +354 453 5002.<br>The menu is subject to changes and availability each day.<\/h5>\t\t\t\t<\/div>\n\t\t\t\t<\/div>\n\t\t\t\t\t<\/div>\n\t\t<\/div>\n\t\t\t\t\t<\/div>\n\t\t<\/section>\n\t\t<div class=\"elementor-element elementor-element-6842571 e-flex e-con-boxed e-con e-parent\" data-id=\"6842571\" data-element_type=\"container\" data-e-type=\"container\">\n\t\t\t\t\t<div class=\"e-con-inner\">\n\t\t\t\t<div class=\"elementor-element elementor-element-e953599 elementor-align-center elementor-widget elementor-widget-button\" data-id=\"e953599\" data-element_type=\"widget\" data-e-type=\"widget\" data-widget_type=\"button.default\">\n\t\t\t\t<div class=\"elementor-widget-container\">\n\t\t\t\t\t\t\t\t\t<div class=\"elementor-button-wrapper\">\n\t\t\t\t\t<a class=\"elementor-button elementor-button-link elementor-size-sm\" href=\"https:\/\/arctichotels.is\/wp-content\/uploads\/2025\/11\/Jarlstofa-Desember.pdf\" target=\"_blank\">\n\t\t\t\t\t\t<span class=\"elementor-button-content-wrapper\">\n\t\t\t\t\t\t\t\t\t<span class=\"elementor-button-text\">Matse\u00f0ill<\/span>\n\t\t\t\t\t<\/span>\n\t\t\t\t\t<\/a>\n\t\t\t\t<\/div>\n\t\t\t\t\t\t\t\t<\/div>\n\t\t\t\t<\/div>\n\t\t\t\t\t<\/div>\n\t\t\t\t<\/div>\n\t\t\t\t<\/div>\n\t\t","protected":false},"excerpt":{"rendered":"<p>Veitingah\u00fasi\u00f0 Jarlstofa \u00e1 h\u00f3tel Tindast\u00f3l \u00cd desember er opi\u00f0 \u00e1 jarlstofu restaurant \u00e1 fimmtud\u00f6gum, f\u00f6stud\u00f6gum og laugard\u00f6gum fr\u00e1 kl 18:00 &#8211; 21:00.J\u00f3lamatse\u00f0ill er \u00ed bo\u00f0i \u00e1 f\u00f6stud\u00f6gum og laugard\u00f6gum, \u00e1samt a la carte.H\u00e6gt er a\u00f0 panta fyrir h\u00f3pa \u00e1 \u00f6\u00f0rum d\u00f6gum me\u00f0 fyrirvara \u00ed s\u00edma 4535002 e\u00f0a senda \u00e1 netfangi\u00f0 info@arctichotels.is in december, jarlstofa restaurant [&hellip;]<\/p>\n","protected":false},"author":1,"featured_media":0,"parent":0,"menu_order":0,"comment_status":"closed","ping_status":"closed","template":"","meta":{"footnotes":""},"class_list":["post-1059","page","type-page","status-publish","hentry"],"_links":{"self":[{"href":"https:\/\/arctichotels.is\/is\/wp-json\/wp\/v2\/pages\/1059","targetHints":{"allow":["GET"]}}],"collection":[{"href":"https:\/\/arctichotels.is\/is\/wp-json\/wp\/v2\/pages"}],"about":[{"href":"https:\/\/arctichotels.is\/is\/wp-json\/wp\/v2\/types\/page"}],"author":[{"embeddable":true,"href":"https:\/\/arctichotels.is\/is\/wp-json\/wp\/v2\/users\/1"}],"replies":[{"embeddable":true,"href":"https:\/\/arctichotels.is\/is\/wp-json\/wp\/v2\/comments?post=1059"}],"version-history":[{"count":7,"href":"https:\/\/arctichotels.is\/is\/wp-json\/wp\/v2\/pages\/1059\/revisions"}],"predecessor-version":[{"id":1273,"href":"https:\/\/arctichotels.is\/is\/wp-json\/wp\/v2\/pages\/1059\/revisions\/1273"}],"wp:attachment":[{"href":"https:\/\/arctichotels.is\/is\/wp-json\/wp\/v2\/media?parent=1059"}],"curies":[{"name":"wp","href":"https:\/\/api.w.org\/{rel}","templated":true}]}}