{"id":1137,"date":"2024-04-24T11:28:50","date_gmt":"2024-04-24T11:28:50","guid":{"rendered":"https:\/\/arctichotels.is\/restaurant\/"},"modified":"2026-04-23T19:17:15","modified_gmt":"2026-04-23T19:17:15","slug":"restaurant","status":"publish","type":"page","link":"https:\/\/arctichotels.is\/fr\/restaurant\/","title":{"rendered":"Restaurant"},"content":{"rendered":"\t\t<div data-elementor-type=\"wp-page\" data-elementor-id=\"1137\" class=\"elementor elementor-1137 elementor-1050\" data-elementor-post-type=\"page\">\n\t\t\t\t\t\t<section class=\"elementor-section elementor-top-section elementor-element elementor-element-37c4c01 elementor-section-boxed elementor-section-height-default elementor-section-height-default\" data-id=\"37c4c01\" data-element_type=\"section\" data-e-type=\"section\" data-settings=\"{&quot;background_background&quot;:&quot;classic&quot;}\">\n\t\t\t\t\t\t<div class=\"elementor-container elementor-column-gap-no\">\n\t\t\t\t\t<div class=\"elementor-column elementor-col-100 elementor-top-column elementor-element elementor-element-d0b89e1\" data-id=\"d0b89e1\" data-element_type=\"column\" data-e-type=\"column\">\n\t\t\t<div class=\"elementor-widget-wrap elementor-element-populated\">\n\t\t\t\t\t\t<div class=\"elementor-element elementor-element-dc9e307 elementor-widget elementor-widget-heading\" data-id=\"dc9e307\" data-element_type=\"widget\" data-e-type=\"widget\" data-widget_type=\"heading.default\">\n\t\t\t\t<div class=\"elementor-widget-container\">\n\t\t\t\t\t<h2 class=\"elementor-heading-title elementor-size-default\">Restaurant Jarlstofa \u00e0 l'h\u00f4tel Tindast\u00f3ll<\/h2>\t\t\t\t<\/div>\n\t\t\t\t<\/div>\n\t\t\t\t<div class=\"elementor-element elementor-element-891d270 elementor-widget elementor-widget-heading\" data-id=\"891d270\" data-element_type=\"widget\" data-e-type=\"widget\" data-widget_type=\"heading.default\">\n\t\t\t\t<div class=\"elementor-widget-container\">\n\t\t\t\t\t<h6 class=\"elementor-heading-title elementor-size-default\">Restaurant Jarlstofa situ\u00e9 \u00e0 l'h\u00f4tel Tindast\u00f3ll<br>Ouvre le samedi 25 avril<br>Ouvert tous les jours \u00e0 partir de 17h30 - 22:00<br>Pour r\u00e9server une table, veuillez appeler le 4535002 ou envoyer un courriel \u00e0 info@arctichotels.is<br><br>Le menu est susceptible de changer et de varier selon les disponibilit\u00e9s chaque jour.<\/h6>\t\t\t\t<\/div>\n\t\t\t\t<\/div>\n\t\t\t\t\t<\/div>\n\t\t<\/div>\n\t\t\t\t\t<\/div>\n\t\t<\/section>\n\t\t<div class=\"elementor-element elementor-element-6842571 e-flex e-con-boxed e-con e-parent\" data-id=\"6842571\" data-element_type=\"container\" data-e-type=\"container\">\n\t\t\t\t\t<div class=\"e-con-inner\">\n\t\t\t\t<div class=\"elementor-element elementor-element-e953599 elementor-align-center elementor-widget elementor-widget-button\" data-id=\"e953599\" data-element_type=\"widget\" data-e-type=\"widget\" data-widget_type=\"button.default\">\n\t\t\t\t<div class=\"elementor-widget-container\">\n\t\t\t\t\t\t\t\t\t<div class=\"elementor-button-wrapper\">\n\t\t\t\t\t<a class=\"elementor-button elementor-button-link elementor-size-sm\" href=\"https:\/\/arctichotels.is\/wp-content\/uploads\/2026\/04\/Menu-2026-16.04-Final-1.pdf\" target=\"_blank\">\n\t\t\t\t\t\t<span class=\"elementor-button-content-wrapper\">\n\t\t\t\t\t\t\t\t\t<span class=\"elementor-button-text\">Menu<\/span>\n\t\t\t\t\t<\/span>\n\t\t\t\t\t<\/a>\n\t\t\t\t<\/div>\n\t\t\t\t\t\t\t\t<\/div>\n\t\t\t\t<\/div>\n\t\t\t\t\t<\/div>\n\t\t\t\t<\/div>\n\t\t\t\t<\/div>\n\t\t","protected":false},"excerpt":{"rendered":"<p>Restaurant Jarlstofa \u00e0 l&rsquo;h\u00f4tel Tindast\u00f3ll Restaurant Jarlstofa situ\u00e9 \u00e0 l&rsquo;h\u00f4tel Tindast\u00f3llOuvre le samedi 25 avrilOuvert tous les jours \u00e0 partir de 17h30 &#8211; 22:00Pour r\u00e9server une table, veuillez appeler le 4535002 ou envoyer un courriel \u00e0 info@arctichotels.is Le menu est susceptible de changer et de varier selon les disponibilit\u00e9s chaque jour. Menu<\/p>\n","protected":false},"author":1,"featured_media":0,"parent":0,"menu_order":0,"comment_status":"closed","ping_status":"closed","template":"","meta":{"footnotes":""},"class_list":["post-1137","page","type-page","status-publish","hentry"],"_links":{"self":[{"href":"https:\/\/arctichotels.is\/fr\/wp-json\/wp\/v2\/pages\/1137","targetHints":{"allow":["GET"]}}],"collection":[{"href":"https:\/\/arctichotels.is\/fr\/wp-json\/wp\/v2\/pages"}],"about":[{"href":"https:\/\/arctichotels.is\/fr\/wp-json\/wp\/v2\/types\/page"}],"author":[{"embeddable":true,"href":"https:\/\/arctichotels.is\/fr\/wp-json\/wp\/v2\/users\/1"}],"replies":[{"embeddable":true,"href":"https:\/\/arctichotels.is\/fr\/wp-json\/wp\/v2\/comments?post=1137"}],"version-history":[{"count":13,"href":"https:\/\/arctichotels.is\/fr\/wp-json\/wp\/v2\/pages\/1137\/revisions"}],"predecessor-version":[{"id":1319,"href":"https:\/\/arctichotels.is\/fr\/wp-json\/wp\/v2\/pages\/1137\/revisions\/1319"}],"wp:attachment":[{"href":"https:\/\/arctichotels.is\/fr\/wp-json\/wp\/v2\/media?parent=1137"}],"curies":[{"name":"wp","href":"https:\/\/api.w.org\/{rel}","templated":true}]}}